{"id":713,"date":"2016-03-10T10:55:50","date_gmt":"2016-03-10T09:55:50","guid":{"rendered":"http:\/\/www.drsnow.at\/?page_id=713"},"modified":"2016-10-24T13:36:58","modified_gmt":"2016-10-24T11:36:58","slug":"allgemeine-geschaeftsbedingungen","status":"publish","type":"page","link":"https:\/\/www.drsnow.at\/en\/allgemeine-geschaeftsbedingungen\/","title":{"rendered":"Terms &#038; Conditions"},"content":{"rendered":"<p>[vc_row][vc_column][vc_column_text]<\/p>\n<h3 style=\"text-align: left;\">Dr. Snow\u00b4s Freeride Academy\u00a0Allgemeine Gesch\u00e4ftsbedingungen (AGB)<\/h3>\n<h4 style=\"text-align: justify;\">1. Allgemeine Hinweise;<\/h4>\n<p style=\"text-align: justify;\">Veranstalter f\u00fcr alle Unternehmungen ist:<br \/>\n\u201eHigh Up Alpinsport \u2013 Bengt Lundberg\u201c<br \/>\n(Dr. Snow\u00b4s Freeride Academy)<br \/>\nSaalhofstrasse 3<br \/>\nA-5751 Maishofen<br \/>\nE-Mail: <a href=\"mailto:info@drsnow.at\">info@drsnow.at<\/a><br \/>\nTel: +43 (0)664-2810254.<\/p>\n<p style=\"text-align: justify;\">Die Veranstaltungen werden von staatlich gepr\u00fcften Berg\u2013 und Skif\u00fchrer geleitet. Die Teilnahme an allen unseren Veranstaltungen erfolgt in Eigenverantwortung und auf eigenes Risiko. Von allen Teilnehmenden wird ein erhebliches Ma\u00df an Umsichtigkeit und Selbst\u00e4ndigkeit vorausgesetzt.\u00a0Der Veranstalter (High Up Alpinsport \u2013 Bengt Lundberg)\u00a0(Dr. Snow\u00b4s Freeride Academy) \u00fcbernimmt keine Haftung bei Ungl\u00fccksf\u00e4llen, Verlusten, Sch\u00e4den oder sonstigen Unregelm\u00e4\u00dfigkeiten, die sich im Rahmen der Veranstaltung ergeben. Dies wird vom den Teilnehmenden ausdr\u00fccklich mit der Anmeldung best\u00e4tigt.<\/p>\n<h4 style=\"text-align: justify;\">2. Anmeldung;<\/h4>\n<p style=\"text-align: justify;\">Unsere Veranstaltungen k\u00f6nnen wegen der kleinen Teilnehmerzahl sehr schnell ausgebucht sein, melde dich daher fr\u00fchzeitig an. Deine Anmeldung kann telefonisch, pers\u00f6nlich oder per Anmeldeformular im Internet erfolgen.<br \/>\nDiese AGB werden Bestandteil des Vertrages zwischen dir und \u201eHigh Up Alpinsport \u2013 Bengt Lundberg\u201c, (Dr. Snow\u00b4s Freeride Academy) auch dann, wenn diese Anmeldung nur telefonisch oder m\u00fcndlich erfolgt ist.\u00a0Der Vertrag kommt verbindlich zustande, sobald wir die Buchung, Preis und Leistungen der Veranstaltung schriftlich best\u00e4tigen. Du bekommst von uns eine schriftliche Best\u00e4tigung nach deiner Anmeldung.<\/p>\n<h4 style=\"text-align: justify;\">3. Bezahlung;<\/h4>\n<p style=\"text-align: justify;\">Dr. Snow\u00b4s Freeride Academy wird per Bank\u00fcberweisung bezahlt. Sobald Ihre Buchung erfolgt sind, bekommen Sie von uns einen Betrag den Sie \u00dcberweisen m\u00fcssen. Die Zahlung muss sp\u00e4testens jedoch 14 Tage vor antritt erfolgt sein.<\/p>\n<h4 style=\"text-align: justify;\">4. Bankverbindung;<\/h4>\n<p style=\"text-align: justify;\">Dr. Snow\u00b4s Freeride Academy \u2013 Bengt Lundberg<br \/>\nRaiffeisen Bank Maishofen<br \/>\nKontonummer: 00072454<br \/>\nBLZ: 35035<br \/>\nBei \u00dcberweisungen aus dem Ausland: IBAN: AT513503500000072454<br \/>\nBIC: RVSAAT2S035<br \/>\n(Bankspesen zu Lasten des Einzahlers.)<\/p>\n<h4 style=\"text-align: justify;\">5. R\u00fccktritt;<\/h4>\n<p style=\"text-align: justify;\">Jeder Teilnehmende kann jederzeit zur\u00fccktreten. Der R\u00fccktritt muss schriftlich erfolgen, als Stichtag gilt jeweils das Eingangsdatum der R\u00fccktrittserkl\u00e4rung. F\u00fcr den R\u00fccktritt oder Nichtantritt einer Veranstaltung verrechnen wir folgende Stornogeb\u00fchren:\u00a029 bis 21 Tage vor Reisebeginn 40%, 20 bis 10 Tage 80%, danach 100% des Gesamtpreises.\u00a0Ein Teilnehmender, der die Gruppe aus welchen Gr\u00fcnden auch immer vorzeitig verl\u00e4sst, hat keinen Anspruch auf R\u00fcckerstattung. F\u00fcr eine ausreichende Unfall \u2013und Haftpflichtversicherung ist Sache der Teilnehmenden.<\/p>\n<h4 style=\"text-align: justify;\">6 . R\u00fccktritt durch uns;<\/h4>\n<p style=\"text-align: justify;\">Falls sich f\u00fcr eine Veranstaltung zu wenig Teilnehmenden melden oder sonstige Gr\u00fcnde (lt. \u00a7 31d Abs 2 KSchG) und eine Durchf\u00fchrung der Veranstaltung nicht erlauben, kann \u201eHigh Up Alpinsport \u2013 Bengt Lundberg\u201c (Dr. Snow\u00b4s Freeride Academy) auch kurzfristig vom Vertrag zur\u00fccktreten. In diesem Fall bieten wir dir eine Ersatzveranstaltung an, oder du erh\u00e4ltst den gesamten bereits bezahlten Betrag r\u00fcckerstattet.<\/p>\n<p style=\"text-align: justify;\">Leistungsst\u00f6rungen durch Wetter, durch Ausfall von Bahnen, h\u00f6herer Gewalt oder durch andere Einfl\u00fcsse, auf die der Veranstalter (High Up Alpinsport \u2013 Bengt Lundberg) (Dr. Snow\u00b4s Freeride Academy) keinen Einfluss hat, k\u00f6nnen keine weiteren Anspr\u00fcche geltend gemacht werden. Bei Nichtinanspruchnahme von Leistungen infolge vorzeitiger R\u00fcckreise oder aus sonstigen zwingenden Gr\u00fcnden hat der Teilnehmende keinen Erstattungsanspruch.<\/p>\n<h4 style=\"text-align: justify;\">7. Anforderungen;<\/h4>\n<p style=\"text-align: justify;\">Die unter diesem Punkt im Programm angef\u00fchrten Voraussetzungen sind Bestandteil des Vertrages. Erf\u00fcllt ein Teilnehmender diese Anforderungen nicht, ist der Berg -und Skif\u00fchrer berechtigt, ihn ganz oder teilweise vom Veranstaltungsprogramm auszuschlie\u00dfen. In diesem Fall besteht kein Anspruch auf R\u00fcckerstattung des bezahlten Preises.<\/p>\n<h4 style=\"text-align: justify;\">8. Leistungen;<\/h4>\n<p style=\"text-align: justify;\">Den Umfang unserer vertraglichen Leistungen kannst du der Ausschreibung der jeweiligen Veranstaltung entnehmen. Falls du eine Veranstaltung vorzeitig beendest, gehen die dadurch entstehenden Mehrkosten zu deinen Lasten. Wo Dritte und nicht \u201eHigh Up Alpinsport \u2013 Bengt Lundberg\u201c (Dr. Snow\u00b4s Freeride Academy) Leistungen erbringen, sind wir nur Vermittler und \u00fcbernehmen keine Garantien f\u00fcr diese.<\/p>\n<h4 style=\"text-align: justify;\">9. Haftung;<\/h4>\n<p style=\"text-align: justify;\">Die Berg \u2013und Skif\u00fchrer von \u201eHigh Up Alpinsport \u2013 Bengt Lundberg\u201c (Dr. Snow\u00b4s Freeride Academy) sind staatlich gepr\u00fcfte und international anerkannte Berg- und Skif\u00fchrer. Alle unsere Bergf\u00fchrer sind auf dem aktuellsten Stand der Technik und der allgemeinen Lehrmeinung. Sie besuchen regelm\u00e4\u00dfig interne und Pflichtfortbildungen. Jede Art von Bewegungen in alpinem Gel\u00e4nde bringt ein gewisses Restrisiko mit sich, jeder staatl. gepr. Berg \u2013und Skif\u00fchrer versucht in jeder Situation dieses Restrisiko so gering wie m\u00f6glich zu halten. Dennoch ist ein Unfall nie ausgeschlossen. Ein Restrisiko bleibt immer bestehen, auch unter professioneller F\u00fchrung.\u00a0Mit der Buchung der Veranstaltung akzeptierst du dieses Restrisiko.<\/p>\n<h4 style=\"text-align: justify;\">10. Programm\u00e4nderung;<\/h4>\n<p style=\"text-align: justify;\">Aus Sicherheitsgr\u00fcnden kann der Berg und- Skif\u00fchrer das geplante Programm oder den vorhergesehenen Routenverlauf eigenm\u00e4chtig ab\u00e4ndern. F\u00fcr aus Wetter \u2013und Sicherheitsgr\u00fcnden, oder von Teilnehmenden selbst verschuldeten unterbliebenen Touren, k\u00f6nnen keine Ersatzanspr\u00fcche geltend gemacht werden. Der Berg \u2013und Skif\u00fchrer kann auch auf Grund mangelnden K\u00f6nnens von Teilnehmenden oder bei anderen unvorhersehbaren Umst\u00e4nden das geplante Programm ab\u00e4ndern. Sicherheit hat Priorit\u00e4t!<\/p>\n<h4 style=\"text-align: justify;\">11. Preis- und Leistungs\u00e4nderungen;<\/h4>\n<p style=\"text-align: justify;\">Die Preise umfassen die unter Leistungen angef\u00fchrten Kosten und entsprechen dem im Mai 2013 bekannten Stand. Nicht in den Leistungen angef\u00fchrte Nebenkosten sind vom Teilnehmenden selbst vor Ort zu bezahlen. Wir behalten uns vor, die Preise zu erh\u00f6hen und zu senken, falls dies auf Grund von uns nicht vorhersehbaren Ereignissen erforderlich ist.<\/p>\n<h4 style=\"text-align: justify;\">12. Mindestteilnehmerzahl;<\/h4>\n<p style=\"text-align: justify;\">Alle Veranstaltungen sind auf eine Mindestteilnehmerzahl abgestimmt. Wird die Zahl nicht erreicht, so ist \u201eHigh Up Alpinsport \u2013 Bengt Lundberg\u201c (Dr. Snow\u00b4s Freeride Academy) berechtigt, bis 2 Wochen vor Beginn die Veranstaltung abzusagen. In diesem Fall werden wir uns sehr bem\u00fchen dir eine Ersatzveranstaltung anzubieten. Solltest du damit nicht einverstanden sein, wird dir die bereits geleistete Anzahlung in voller H\u00f6he zur\u00fcckerstattet.<\/p>\n<h4 style=\"text-align: justify;\">13. Beanstandungen;<\/h4>\n<p style=\"text-align: justify;\">Beanstandungen m\u00fcssen unmittelbar vor Ort dem jeweiligen Leiter gemeldet werden, damit sich dieser um eine geeignete L\u00f6sung bem\u00fchen kann. Auf M\u00e4ngel, die nicht sofort angezeigt werden, kann sp\u00e4ter nicht mehr eingegangen werden.<\/p>\n<h4 style=\"text-align: justify;\">14. Translation<\/h4>\n<p style=\"text-align: justify;\">The General Terms &amp; Conditions are in German. You have the possibility to translate the general terms &amp; conditions trough a software translation system like Google Translator.\u00a0The customer takes note of that automatic translation system not working perfect and it can come to defective pronunciation. High Up Alpinsport \u2013 Bengt Lundberg (Dr. Snow) are taking no responsibiblity for misunderstandings using a translation software<\/p>\n<h4 style=\"text-align: justify;\">15. Anbietererkennung<\/h4>\n<p style=\"text-align: justify;\">High Up Alpinsport \u2013 Bengt Lundberg<br \/>\nMarkenware: Dr. Snow\u00b4s Freeride Academy<br \/>\nSaalhofstrasse 3<br \/>\nA-5751 Maishofen<br \/>\n\u00d6sterreich<br \/>\nTelefon: +43 (0) 664-2810254<br \/>\nE-Mail: <a href=\"mailto:info@drsnow.at\">info@drsnow.at<\/a><\/p>\n<p style=\"text-align: justify;\">Uid Nr: ATU48549904<\/p>\n<p>[\/vc_column_text][\/vc_column][\/vc_row][vc_row][vc_column][vc_separator style=&#8221;dotted&#8221; border_width=&#8221;2&#8243; css=&#8221;.vc_custom_1455721302777{padding-top: 30px !important;padding-bottom: 30px !important;}&#8221;][\/vc_column][\/vc_row][vc_row full_width=&#8221;stretch_row_content_no_spaces&#8221; css=&#8221;.vc_custom_1455721865023{padding-top: 100px !important;padding-bottom: 100px !important;background-color: #333333 !important;}&#8221;][vc_column][vc_row_inner gap=&#8221;35&#8243; css=&#8221;.vc_custom_1455722229099{padding-right: 15% !important;padding-left: 15% !important;}&#8221; el_class=&#8221;white&#8221;][vc_column_inner width=&#8221;1\/2&#8243;][vc_custom_heading text=&#8221;Kontakt&#8221; font_container=&#8221;tag:h2|font_size:45|text_align:left|color:%23ffffff&#8221; use_theme_fonts=&#8221;yes&#8221; css=&#8221;.vc_custom_1455721506937{margin-bottom: 40px !important;}&#8221;][contact-form-7 404 \"Not Found\"][\/vc_column_inner][vc_column_inner width=&#8221;1\/2&#8243;][google_map lat=&#8221;47.360576&#8243; long=&#8221;12.804866&#8243; color=&#8221;#6391bf&#8221;][vc_separator color=&#8221;white&#8221; style=&#8221;dotted&#8221; border_width=&#8221;2&#8243; css=&#8221;.vc_custom_1455721622326{padding-top: 30px !important;padding-bottom: 30px !important;}&#8221;][vc_column_text el_class=&#8221;white&#8221;]<strong>Bengt Lundberg |\u00a0Berg- &amp; Skif\u00fchrer<\/strong><br \/>\nSaalhofstra\u00dfe 3<br \/>\nA-5751\u00a0MAISHOFEN<br \/>\nAUSTRIA<br \/>\nTel.: <a href=\"Tel:\/\/+436642810254\">+43 664 2810254<\/a><br \/>\nMail: <a href=\"mailto:info@drsnow.at\">info@drsnow.at<\/a><br \/>\nWeb: <a href=\"http:\/\/www.drsnow.at\">www.drsnow.at<\/a>[\/vc_column_text][\/vc_column_inner][\/vc_row_inner][\/vc_column][\/vc_row]<\/p>\n","protected":false},"excerpt":{"rendered":"<p>[vc_row][vc_column][vc_column_text] Dr. Snow\u00b4s Freeride Academy\u00a0Allgemeine Gesch\u00e4ftsbedingungen (AGB) 1. Allgemeine Hinweise; Veranstalter f\u00fcr alle Unternehmungen ist: \u201eHigh Up Alpinsport \u2013 Bengt Lundberg\u201c (Dr. Snow\u00b4s Freeride Academy) Saalhofstrasse 3 A-5751 Maishofen E-Mail: info@drsnow.at Tel: +43 (0)664-2810254. Die Veranstaltungen werden von staatlich gepr\u00fcften Berg\u2013 und Skif\u00fchrer geleitet. Die Teilnahme an allen unseren Veranstaltungen erfolgt in Eigenverantwortung und auf [&hellip;]<\/p>\n","protected":false},"author":2,"featured_media":0,"parent":0,"menu_order":0,"comment_status":"closed","ping_status":"closed","template":"","meta":[],"_links":{"self":[{"href":"https:\/\/www.drsnow.at\/en\/wp-json\/wp\/v2\/pages\/713"}],"collection":[{"href":"https:\/\/www.drsnow.at\/en\/wp-json\/wp\/v2\/pages"}],"about":[{"href":"https:\/\/www.drsnow.at\/en\/wp-json\/wp\/v2\/types\/page"}],"author":[{"embeddable":true,"href":"https:\/\/www.drsnow.at\/en\/wp-json\/wp\/v2\/users\/2"}],"replies":[{"embeddable":true,"href":"https:\/\/www.drsnow.at\/en\/wp-json\/wp\/v2\/comments?post=713"}],"version-history":[{"count":6,"href":"https:\/\/www.drsnow.at\/en\/wp-json\/wp\/v2\/pages\/713\/revisions"}],"predecessor-version":[{"id":1289,"href":"https:\/\/www.drsnow.at\/en\/wp-json\/wp\/v2\/pages\/713\/revisions\/1289"}],"wp:attachment":[{"href":"https:\/\/www.drsnow.at\/en\/wp-json\/wp\/v2\/media?parent=713"}],"curies":[{"name":"wp","href":"https:\/\/api.w.org\/{rel}","templated":true}]}}