{"id":588,"date":"2016-02-29T18:01:50","date_gmt":"2016-02-29T17:01:50","guid":{"rendered":"http:\/\/www.drsnow.at\/?page_id=588"},"modified":"2026-01-31T14:11:57","modified_gmt":"2026-01-31T13:11:57","slug":"ski-touren","status":"publish","type":"page","link":"https:\/\/www.drsnow.at\/en\/ski-touren\/","title":{"rendered":"ski touring"},"content":{"rendered":"<p>[vc_row full_width=&#8221;stretch_row&#8221; full_height=&#8221;yes&#8221; content_placement=&#8221;middle&#8221; parallax=&#8221;content-moving&#8221; height=&#8221;400px&#8221; type=&#8221;boxed&#8221; css=&#8221;.vc_custom_1467008124105{margin-bottom: 50px !important;background-image: url(http:\/\/www.drsnow.at\/wp-content\/uploads\/2016\/03\/saalbach-9251.jpg?id=776) !important;background-position: center;background-repeat: no-repeat;background-size:cover;}&#8221;][vc_column][vc_row_inner][vc_column_inner][vc_column_text css_animation=&#8221;appear&#8221;]<\/p>\n<h1 class=\"white-headline\" style=\"text-align: center;\">ski touren<\/h1>\n<p>[\/vc_column_text][\/vc_column_inner][\/vc_row_inner][\/vc_column][\/vc_row][vc_row][vc_column][vc_row_inner][vc_column_inner width=&#8221;1\/3&#8243;]\t\t\n\t\t<div class=\"shortcode_icon_box icon_position_top icon_style_normal with_separator\">\n\t\t\t<div class=\"icon_wrapper\" style=\"background-color:#ffffff; border-color:#000\">\n\t\t\t\t<div class=\"icon arrows-anticlockwise\" style=\"color:#000\"><\/div>\n\t\t\t<\/div><\/div>\n\t[vc_column_text]<\/p>\n<h3 style=\"text-align: center;\">Wir sind<\/h3>\n<p style=\"text-align: center;\">Staatlich gepr\u00fcfte Berg- &amp; Skif\u00fchrer und geben unser Wissen an euch weiter<\/p>\n<p>[\/vc_column_text][\/vc_column_inner][vc_column_inner width=&#8221;1\/3&#8243;]\t\t\n\t\t<div class=\"shortcode_icon_box icon_position_top icon_style_normal with_separator\">\n\t\t\t<div class=\"icon_wrapper\" style=\"background-color:#ffffff; border-color:#000\">\n\t\t\t\t<div class=\"icon weather-snowflake\" style=\"color:#000\"><\/div>\n\t\t\t<\/div><\/div>\n\t[vc_column_text]<\/p>\n<h3 style=\"text-align: center;\">Ihr seid<\/h3>\n<p style=\"text-align: center;\">Erfahrene Skifahrer mit ersten Skills im Off-Piste-Bereich. Nun wollt ihr die sch\u00f6nsten Skitouren unserer Bergregion kennenlernen<\/p>\n<p>[\/vc_column_text][\/vc_column_inner][vc_column_inner width=&#8221;1\/3&#8243;]\t\t\n\t\t<div class=\"shortcode_icon_box icon_position_top icon_style_normal with_separator\">\n\t\t\t<div class=\"icon_wrapper\" style=\"background-color:#ffffff; border-color:#000\">\n\t\t\t\t<div class=\"icon weather-sun\" style=\"color:#000\"><\/div>\n\t\t\t<\/div><\/div>\n\t[vc_column_text]<\/p>\n<h3 style=\"text-align: center;\">Wir erleben<\/h3>\n<p style=\"text-align: center;\">Einen ganzen Tag Skitourentraum auf den sch\u00f6nsten Bergen des SalzburgerLandes. Wir erf\u00fcllen euch euren Skitourentraum<\/p>\n<p>[\/vc_column_text][\/vc_column_inner][\/vc_row_inner][\/vc_column][\/vc_row][vc_row][vc_column][vc_separator style=&#8221;dotted&#8221; border_width=&#8221;2&#8243; css=&#8221;.vc_custom_1455721302777{padding-top: 30px !important;padding-bottom: 30px !important;}&#8221;][\/vc_column][\/vc_row][vc_row][vc_column][vc_row_inner gap=&#8221;35&#8243;][vc_column_inner width=&#8221;2\/3&#8243;][vc_custom_heading text=&#8221;\u201eAus eigener Kraft \u00fcber alle Berge\u201c&#8221; font_container=&#8221;tag:h2|font_size:45|text_align:left|color:%23769abf&#8221; use_theme_fonts=&#8221;yes&#8221; css=&#8221;.vc_custom_1459412511013{margin-bottom: 40px !important;}&#8221;][vc_column_text][\/vc_column_text][vc_column_text]<\/p>\n<p style=\"text-align: justify;\"><strong>\u201eLautlos ziehen wir unsere Spur in den Schnee. Das Einzige was wir h\u00f6ren ist unsere Atem und der leise Windhauch. Das Gehen wird zur Meditation. Wir sind auf Skitour unterwegs. Der Gipfel vor uns liegt unber\u00fchrt, wir sind die ersten. Nur noch einen kleinen Aufstieg zum Gipfel. Die Aussicht ist atemberaubend, ein 360\u00b0\u00a0Bergpanorama breitet sich vor unseren Augen aus. <\/strong><\/p>\n<p style=\"text-align: justify;\">Nach einer kurzen Pause ziehen wir die Felle ab und machen uns f\u00fcr die Abfahrt bereit. Skischuhe auf Skifahren umstellen, klack, klack in die Bindung hinein und los geht\u2019s. Ab dem ersten\u00a0Schwung ein purer Genuss &#8211; <strong>Pulverschnee<\/strong> von feinsten. Nach unserer Abfahrt gleiten wir langsam aus einen wundersch\u00f6nen Tal hinaus. Die \u201eZivilisation\u201c r\u00fcckt n\u00e4her. K\u00f6rper und Geist str\u00e4uben sich, aber es gibt leider kein zur\u00fcck mehr. Nicht heute, aber bald sind wir zur\u00fcck und wieder unterwegs auf Skitour in den Bergen der Kitzb\u00fcheler Alpen.\u201c<\/p>\n<h3 style=\"text-align: justify;\">Eine Menge Ziele f\u00fcr uns<\/h3>\n<p style=\"text-align: justify;\">Ob Skitourenanf\u00e4nger oder erfahrener Tourengeher, in unserer Bergregion gibt es gen\u00fcgend Ziele. Im Hochwinter bieten die <strong>Pinzgauer Grasberge<\/strong>, von Maria Alm bis Gerlos, nahezu perfekte Bedingungen. Im Sp\u00e4twinter und im Fr\u00fchling begeben wir uns in den <strong>Nationalpark Hohe Tauern, <\/strong>wo\u00a0die klingenden Namen des Skitourensports auf uns warten,\u00a0wie\u00a0<strong>Gro\u00dfvenediger<\/strong>, <strong>Gro\u00dfglockner und<\/strong>\u00a0<strong>Hoher<\/strong>\u00a0<strong>Sonnblick<\/strong>, um ein paar bekannte 3.000er zu nennen. Weg von der Piste und rein ins Gel\u00e4nde und die Stille der Berge.<\/p>\n<p>[\/vc_column_text][vc_media_grid element_width=&#8221;3&#8243; grid_id=&#8221;vc_gid:1769865098583-77c74502ea68b0cde603aae561fd2564-3&#8243; include=&#8221;1194,1193,1192,390&#8243;][vc_toggle title=&#8221;Treffpunkt &#8211; HIER mehr Infos&#8221; el_id=&#8221;1459410815065-94f11ffa-f4e4&#8243;]<\/p>\n<p style=\"text-align: justify;\">Wir treffen uns bei dem vorab\u00a0vereinbarten Treffpunkt. Dr. snow wartet bereits auf dich und deine Kameraden\u00a0und hat nat\u00fcrlich den <strong>Lawinenlagebericht<\/strong> und die Verh\u00e4ltnisse gescheckt, um die beste Aufstiegsroute und Abfahrt w\u00e4hren der\u00a0Tour zu w\u00e4hlen.<\/p>\n<p>[\/vc_toggle][vc_toggle title=&#8221;Es geht los &#8211; HIER mehr Infos&#8221; el_id=&#8221;1459410871907-10fdbfd6-b860&#8243;]<\/p>\n<p style=\"text-align: justify;\">Wir legen die Felle auf, kontrollieren unsere <strong>LVS-Ger\u00e4te<\/strong> und gehen langsam und gem\u00fctlich los in Richtung unseres Ziels f\u00fcr den Tag. Nach einiger Zeit erreichen wir den Gipfel, vielleicht ein wenig m\u00fcde aber gl\u00fccklich. Wir haben keinen Stress, eine kleine St\u00e4rkung vor der Abfahrt schadet sicher nicht. Und vergessen wir nicht auf die <strong>Gipfelfotos<\/strong>, die diesen Skitourentag zu einer unvergesslichen Erinnerung machen.<\/p>\n<p>[\/vc_toggle][vc_toggle title=&#8221;Nach der Tour &#8211; HIER mehr Infos&#8221; el_id=&#8221;1459410904929-91a13cf6-c949&#8243;]<\/p>\n<p style=\"text-align: justify;\">Nach unserer Skitour kehren wir zur <strong>Ausgangspunkt<\/strong> zur\u00fcck und einer gem\u00fctlichen Einkehr steht nichts mehr im Wege. <strong>Regionale Schmankerl<\/strong> und Getr\u00e4nke stehen auf den Speiseplan und nach Austausch unseres Erlebten kehren wir in den Alltag zur\u00fcck ohne diesen unvergesslichen Tag zu vergessen.<\/p>\n<p>[\/vc_toggle][vc_column_text]<\/p>\n<h3 style=\"text-align: justify;\">Neugierig?<\/h3>\n<p style=\"text-align: justify;\">Dann warte nicht l\u00e4nger,\u00a0sondern nimm gleich Kontakt mit uns auf. Ruf uns an unter\u00a0<a href=\"Tel:\/\/+436642810254\">+43 664 2810254<\/a> oder f\u00fcll gleich das Kontaktformular unten aus. Im <a href=\"http:\/\/www.drsnow.at\/anfrage\/\">Anfrageformular<\/a> kannst du\u00a0dir gleich den Wunsch nach deinem individuellen Skitourentag erf\u00fcllen.<\/p>\n<h3 style=\"text-align: center;\">Wir freuen uns, bald mit dir auf Skitour zu gehen!<\/h3>\n<p>[\/vc_column_text][\/vc_column_inner][vc_column_inner width=&#8221;1\/3&#8243;][vc_custom_heading text=&#8221;Facts &amp; Figures&#8221; font_container=&#8221;tag:h2|font_size:45|text_align:left|color:%23769abf&#8221; use_theme_fonts=&#8221;yes&#8221; css=&#8221;.vc_custom_1456154782262{margin-bottom: 40px !important;}&#8221;][vc_column_text]<\/p>\n<h4>Wo geht es hin?<\/h4>\n<ul>\n<li style=\"font-weight: 400;\"><span style=\"font-weight: 400;\">Unsere Skitourenberge im Pinzgau SalzburgerLand<\/span><\/li>\n<li style=\"font-weight: 400;\">Von den Inneralpinen Grasbergen bis zu den Hohen Tauern<\/li>\n<\/ul>\n<h4><strong>Wie lange dauert es?<\/strong><\/h4>\n<ul>\n<li><span style=\"font-weight: 400;\">1 Tag Skitourentraum mit dr. snow<\/span><\/li>\n<\/ul>\n<h4><strong>Wann geht es los?<\/strong><\/h4>\n<ul>\n<li style=\"font-weight: 400;\"><span style=\"font-weight: 400;\">Im Winter jederzeit auf Anfrage m\u00f6glich<\/span><\/li>\n<\/ul>\n<h4><span style=\"font-weight: 400;\"><strong>Was muss ich k\u00f6nnen?<\/strong><\/span><\/h4>\n<ul>\n<li style=\"font-weight: 400;\">Sicherer Parallelschwung<\/li>\n<li style=\"font-weight: 400;\">Spa\u00df auf roten Pisten<\/li>\n<li style=\"font-weight: 400;\">Motivation<\/li>\n<li style=\"font-weight: 400;\">Kondition f\u00fcr Aufstiege von 2-3 Stunden<\/li>\n<li style=\"font-weight: 400;\">Es wird Zeit f\u00fcr deine erste Skitour<\/li>\n<\/ul>\n<h4><strong>Was kann ich erwarten?<\/strong><\/h4>\n<ul>\n<li style=\"font-weight: 400;\">Organisation und Durchf\u00fchrung durch einen staatl. Berg- &amp; Skif\u00fchrer<\/li>\n<li style=\"font-weight: 400;\">Notfallausr\u00fcstung (LVS-Ger\u00e4t, Schaufel &amp; Sonde)<\/li>\n<li style=\"font-weight: 400;\">Maximale Gruppengr\u00f6\u00dfe bis zu 6 Personen<\/li>\n<\/ul>\n<p>[\/vc_column_text][vc_progress_bar values=&#8221;%5B%7B%22label%22%3A%22Naturerlebnis%2C%20Panoramen%2C%20Eindr%C3%BCcke%22%2C%22value%22%3A%22100%22%2C%22color%22%3A%22bar_red%22%7D%2C%7B%22label%22%3A%22Ausdauer%2C%20Kraft%2C%20Schwindelreiheit%22%2C%22value%22%3A%2270%22%2C%22color%22%3A%22bar_orange%22%7D%2C%7B%22label%22%3A%22Wissen%2C%20Know-How%2C%20Schulung%22%2C%22value%22%3A%2290%22%2C%22color%22%3A%22bar_blue%22%7D%2C%7B%22label%22%3A%22Abfahrtsspa%C3%9F%2C%20Style%2C%20Flow%20im%20Powder%22%2C%22value%22%3A%2290%22%2C%22color%22%3A%22bar_green%22%7D%5D&#8221; title=&#8221;Freeride-Day-Characteristik&#8221;][\/vc_column_inner][vc_column_inner][\/vc_column_inner][\/vc_row_inner][vc_row_inner][vc_column_inner width=&#8221;1\/4&#8243;][vc_cta h2=&#8221;\u20ac 540,&#8211;&#8221; h4=&#8221;bei 1 &#8211; 2 Teilnehmern&#8221; add_button=&#8221;bottom&#8221; btn_title=&#8221;&#8221; btn_size=&#8221;lg&#8221; btn_add_icon=&#8221;true&#8221; btn_custom_onclick=&#8221;true&#8221;][\/vc_cta][\/vc_column_inner][vc_column_inner width=&#8221;1\/4&#8243;][vc_cta h2=&#8221;\u20ac 200,&#8211; p.P.&#8221; h4=&#8221;bei 3 Teilnehmern&#8221; add_button=&#8221;bottom&#8221; btn_title=&#8221;&#8221; btn_size=&#8221;lg&#8221; btn_add_icon=&#8221;true&#8221; btn_custom_onclick=&#8221;true&#8221;][\/vc_cta][\/vc_column_inner][vc_column_inner width=&#8221;1\/4&#8243;][vc_cta h2=&#8221;\u20ac 180,&#8211; p.P.&#8221; h4=&#8221;bei 4 Teilnehmern&#8221; add_button=&#8221;bottom&#8221; btn_title=&#8221;&#8221; btn_size=&#8221;lg&#8221; btn_add_icon=&#8221;true&#8221; btn_custom_onclick=&#8221;true&#8221;][\/vc_cta][\/vc_column_inner][vc_column_inner width=&#8221;1\/4&#8243;][vc_cta h2=&#8221;\u20ac 160,&#8211; p.P.&#8221; h4=&#8221;bei 5 &#8211; 6 Teilnehmern&#8221; add_button=&#8221;bottom&#8221; btn_title=&#8221;&#8221; btn_size=&#8221;lg&#8221; btn_add_icon=&#8221;true&#8221; btn_custom_onclick=&#8221;true&#8221;][\/vc_cta][\/vc_column_inner][\/vc_row_inner][\/vc_column][\/vc_row][vc_row full_width=&#8221;stretch_row_content_no_spaces&#8221; css=&#8221;.vc_custom_1455721865023{padding-top: 100px !important;padding-bottom: 100px !important;background-color: #333333 !important;}&#8221;][vc_column][vc_row_inner gap=&#8221;35&#8243; css=&#8221;.vc_custom_1455722229099{padding-right: 15% !important;padding-left: 15% !important;}&#8221; el_class=&#8221;white&#8221;][vc_column_inner width=&#8221;1\/2&#8243;][vc_custom_heading text=&#8221;&#8221; font_container=&#8221;tag:h2|font_size:45|text_align:left|color:%23ffffff&#8221; use_theme_fonts=&#8221;yes&#8221; css=&#8221;.vc_custom_1769864744283{margin-bottom: 40px !important;}&#8221;][contact-form-7 404 \"Not Found\"][\/vc_column_inner][vc_column_inner width=&#8221;1\/2&#8243;][vc_custom_heading text=&#8221;Partner&#8221; font_container=&#8221;tag:h2|font_size:45|text_align:left|color:%23ffffff&#8221; use_theme_fonts=&#8221;yes&#8221;][vc_raw_html]JTNDZGl2JTNFJTBBJTNDdGFibGUlMjB3aWR0aCUzRCUyMjEwMCUyNSUyMiUyMGJvcmRlciUzRCUyMjAlMjIlMjBjZWxsc3BhY2luZyUzRCUyMjAlMjIlMjBjZWxscGFkZGluZyUzRCUyMjAlMjIlM0UlMEElMjAlMjAlM0N0Ym9keSUzRSUwQSUyMCUyMCUyMCUyMCUzQ3RyJTNFJTBBJTIwJTIwJTIwJTIwJTIwJTIwJTNDdGQlM0UlM0NhJTIwaHJlZiUzRCUyMmh0dHBzJTNBJTJGJTJGd3d3LnVuaXF1ZS1za2lzLmNvbSUyMiUyMHRhcmdldCUzRCUyMl9ibGFuayUyMiUzRSUzQ2ltZyUyMHNyYyUzRCUyMmh0dHBzJTNBJTJGJTJGd3d3LmRyc25vdy5hdCUyRndwLWNvbnRlbnQlMkZ1cGxvYWRzJTJGMjAxNiUyRjA0JTJGdW5pcXVlc2tpcy5wbmclMjIlMjAlMkYlM0UlM0MlMkZhJTNFJTNDJTJGdGQlM0UlMEElMjAlMjAlMjAlMjAlMjAlMjAlM0N0ZCUzRSUzQ2ElMjBocmVmJTNEJTIyaHR0cHMlM0ElMkYlMkZ3d3cuc3RlbGxhcmVxdWlwbWVudC5jb20lMjIlMjB0YXJnZXQlM0QlMjJfYmxhbmslMjIlM0UlM0NpbWclMjBzcmMlM0QlMjJodHRwcyUzQSUyRiUyRnd3dy5kcnNub3cuYXQlMkZ3cC1jb250ZW50JTJGdXBsb2FkcyUyRjIwMTYlMkYxMSUyRnN0ZWxsYXIucG5nJTIyJTIwJTJGJTNFJTNDJTJGYSUzRSUzQyUyRnRkJTNFJTBBJTIwJTIwJTIwJTIwJTIwJTIwJTNDdGQlM0UlM0NhJTIwaHJlZiUzRCUyMmh0dHBzJTNBJTJGJTJGd3d3LnBpZXBzLmNvbSUyMiUyMCUyMHRhcmdldCUzRCUyMl9ibGFuayUyMiUzRSUzQ2ltZyUyMHNyYyUzRCUyMmh0dHBzJTNBJTJGJTJGd3d3LmRyc25vdy5hdCUyRndwLWNvbnRlbnQlMkZ1cGxvYWRzJTJGMjAxNiUyRjA0JTJGcGllcHMucG5nJTIyJTIwJTJGJTNFJTNDJTJGYSUzRSUzQyUyRnRkJTNFJTBBJTIwJTIwJTIwJTIwJTNDJTJGdHIlM0UlMEElMjAlMjAlMjAlMjAlM0N0ciUzRSUwQSUyMCUyMCUyMCUyMCUyMCUyMCUzQ3RkJTNFJTNDYSUyMGhyZWYlM0QlMjJodHRwcyUzQSUyRiUyRnd3dy5wb2xlcG9zaXRpb25zcG9ydC5jb20lMjIlMjB0YXJnZXQlM0QlMjJfYmxhbmslMjIlM0UlM0NpbWclMjBzcmMlM0QlMjJodHRwcyUzQSUyRiUyRnd3dy5kcnNub3cuYXQlMkZ3cC1jb250ZW50JTJGdXBsb2FkcyUyRjIwMTYlMkYwNCUyRnBvbGVwb3NpdGlvbi5wbmclMjIlMjAlMkYlM0UlM0MlMkZhJTNFJTNDJTJGdGQlM0UlMEElMjAlMjAlMjAlMjAlMjAlMjAlM0N0ZCUzRSUzQ2ElMjBocmVmJTNEJTIyaHR0cHMlM0ElMkYlMkZ3d3cuaGVzdHJhZ2xvdmVzLmNvbSUyMiUyMHRhcmdldCUzRCUyMmJsYW5rJTIyJTNFJTNDaW1nJTIwc3JjJTNEJTIyaHR0cHMlM0ElMkYlMkZ3d3cuZHJzbm93LmF0JTJGd3AtY29udGVudCUyRnVwbG9hZHMlMkYyMDE2JTJGMDQlMkZoZXN0cmEucG5nJTIyJTIwJTJGJTNFJTNDJTJGYSUzRSUzQyUyRnRkJTNFJTBBJTIwJTIwJTIwJTIwJTIwJTIwJTNDdGQlM0UlM0NhJTIwaHJlZiUzRCUyMmh0dHBzJTNBJTJGJTJGd3d3LmRyemlwZS5jb20lMjIlMjB0YXJnZXQlM0QlMjJibGFuayUyMiUzRSUzQ2ltZyUyMHNyYyUzRCUyMmh0dHBzJTNBJTJGJTJGd3d3LmRyc25vdy5hdCUyRndwLWNvbnRlbnQlMkZ1cGxvYWRzJTJGMjAxNiUyRjA0JTJGZHJ6aXBlLnBuZyUyMiUyMCUyRiUzRSUzQyUyRmElM0UlM0MlMkZ0ZCUzRSUwQSUyMCUyMCUyMCUyMCUzQyUyRnRyJTNFJTBBJTIwJTIwJTNDJTJGdGJvZHklM0UlMEElM0MlMkZ0YWJsZSUzRSUwQSUzQyUyRmRpdiUzRQ==[\/vc_raw_html][vc_column_text el_class=&#8221;white&#8221;]<strong>Bengt Lundberg |\u00a0Berg- &amp; Skif\u00fchrer<\/strong><br \/>\nSaalhofstra\u00dfe 3<br \/>\nA-5751\u00a0MAISHOFEN<br \/>\nAUSTRIA<br \/>\nTel.: <a href=\"Tel:\/\/+436642810254\">+43 664 2810254<\/a><br \/>\nMail: <a href=\"mailto:info@drsnow.at\">info@drsnow.at<\/a><br \/>\nWeb: <a href=\"http:\/\/www.drsnow.at\">www.drsnow.at<\/a>[\/vc_column_text][\/vc_column_inner][vc_column_inner][\/vc_column_inner][\/vc_row_inner][\/vc_column][vc_column][\/vc_column][\/vc_row]<\/p>\n","protected":false},"excerpt":{"rendered":"<p>[vc_row full_width=&#8221;stretch_row&#8221; full_height=&#8221;yes&#8221; content_placement=&#8221;middle&#8221; parallax=&#8221;content-moving&#8221; height=&#8221;400px&#8221; type=&#8221;boxed&#8221; css=&#8221;.vc_custom_1467008124105{margin-bottom: 50px !important;background-image: url(http:\/\/www.drsnow.at\/wp-content\/uploads\/2016\/03\/saalbach-9251.jpg?id=776) !important;background-position: center;background-repeat: no-repeat;background-size:cover;}&#8221;][vc_column][vc_row_inner][vc_column_inner][vc_column_text css_animation=&#8221;appear&#8221;] ski touren [\/vc_column_text][\/vc_column_inner][\/vc_row_inner][\/vc_column][\/vc_row][vc_row][vc_column][vc_row_inner][vc_column_inner width=&#8221;1\/3&#8243;][vc_column_text] Wir sind Staatlich gepr\u00fcfte Berg- &amp; Skif\u00fchrer und geben unser Wissen an euch weiter [\/vc_column_text][\/vc_column_inner][vc_column_inner width=&#8221;1\/3&#8243;][vc_column_text] Ihr seid Erfahrene Skifahrer mit ersten Skills im Off-Piste-Bereich. Nun wollt ihr die sch\u00f6nsten Skitouren unserer Bergregion kennenlernen [\/vc_column_text][\/vc_column_inner][vc_column_inner width=&#8221;1\/3&#8243;][vc_column_text] [&hellip;]<\/p>\n","protected":false},"author":2,"featured_media":0,"parent":0,"menu_order":0,"comment_status":"closed","ping_status":"closed","template":"","meta":[],"_links":{"self":[{"href":"https:\/\/www.drsnow.at\/en\/wp-json\/wp\/v2\/pages\/588"}],"collection":[{"href":"https:\/\/www.drsnow.at\/en\/wp-json\/wp\/v2\/pages"}],"about":[{"href":"https:\/\/www.drsnow.at\/en\/wp-json\/wp\/v2\/types\/page"}],"author":[{"embeddable":true,"href":"https:\/\/www.drsnow.at\/en\/wp-json\/wp\/v2\/users\/2"}],"replies":[{"embeddable":true,"href":"https:\/\/www.drsnow.at\/en\/wp-json\/wp\/v2\/comments?post=588"}],"version-history":[{"count":58,"href":"https:\/\/www.drsnow.at\/en\/wp-json\/wp\/v2\/pages\/588\/revisions"}],"predecessor-version":[{"id":24783,"href":"https:\/\/www.drsnow.at\/en\/wp-json\/wp\/v2\/pages\/588\/revisions\/24783"}],"wp:attachment":[{"href":"https:\/\/www.drsnow.at\/en\/wp-json\/wp\/v2\/media?parent=588"}],"curies":[{"name":"wp","href":"https:\/\/api.w.org\/{rel}","templated":true}]}}