{"id":583,"date":"2016-02-29T17:59:05","date_gmt":"2016-02-29T16:59:05","guid":{"rendered":"http:\/\/www.drsnow.at\/?page_id=583"},"modified":"2026-01-31T14:07:41","modified_gmt":"2026-01-31T13:07:41","slug":"heli-skiing","status":"publish","type":"page","link":"https:\/\/www.drsnow.at\/en\/heli-skiing\/","title":{"rendered":"heli skiing"},"content":{"rendered":"<p>[vc_row full_width=&#8221;stretch_row&#8221; full_height=&#8221;yes&#8221; content_placement=&#8221;middle&#8221; parallax=&#8221;content-moving&#8221; height=&#8221;400px&#8221; type=&#8221;boxed&#8221; css=&#8221;.vc_custom_1458564336423{margin-bottom: 50px !important;background-image: url(http:\/\/www.drsnow.at\/wp-content\/uploads\/2016\/02\/heli-12.jpg?id=566) !important;background-position: center;background-repeat: no-repeat;background-size:cover !important;}&#8221;][vc_column][vc_row_inner][vc_column_inner][vc_column_text css_animation=&#8221;appear&#8221;]<\/p>\n<h1 class=\"white-headline\" style=\"text-align: center;\">heli skiing<\/h1>\n<p>[\/vc_column_text][\/vc_column_inner][\/vc_row_inner][\/vc_column][\/vc_row][vc_row][vc_column][vc_row_inner][vc_column_inner width=&#8221;1\/3&#8243;]\t\t\n\t\t<div class=\"shortcode_icon_box icon_position_top icon_style_normal with_separator\">\n\t\t\t<div class=\"icon_wrapper\" style=\"background-color:#ffffff; border-color:#000\">\n\t\t\t\t<div class=\"icon arrows-anticlockwise\" style=\"color:#000\"><\/div>\n\t\t\t<\/div><\/div>\n\t[vc_column_text]<\/p>\n<h3 style=\"text-align: center;\">Wir sind<\/h3>\n<p style=\"text-align: center;\">Staatlich gepr\u00fcfte Berg-, Skif\u00fchrer &amp; Heli Guides und\u00a0nehmen euch mit zu eurem individuellen Heli Skiing Traum<\/p>\n<p>[\/vc_column_text][\/vc_column_inner][vc_column_inner width=&#8221;1\/3&#8243;]\t\t\n\t\t<div class=\"shortcode_icon_box icon_position_top icon_style_normal with_separator\">\n\t\t\t<div class=\"icon_wrapper\" style=\"background-color:#ffffff; border-color:#000\">\n\t\t\t\t<div class=\"icon weather-snowflake\" style=\"color:#000\"><\/div>\n\t\t\t<\/div><\/div>\n\t[vc_column_text]<\/p>\n<h3 style=\"text-align: center;\">Ihr seid<\/h3>\n<p style=\"text-align: center;\">Erfahrende Skifahrer, Off-Piste-Junkies\u00a0und forgeschrittene Freerider. Nun wollt ihr das ultimative Ski-Abenteuer erleben<\/p>\n<p>[\/vc_column_text][\/vc_column_inner][vc_column_inner width=&#8221;1\/3&#8243;]\t\t\n\t\t<div class=\"shortcode_icon_box icon_position_top icon_style_normal with_separator\">\n\t\t\t<div class=\"icon_wrapper\" style=\"background-color:#ffffff; border-color:#000\">\n\t\t\t\t<div class=\"icon weather-sun\" style=\"color:#000\"><\/div>\n\t\t\t<\/div><\/div>\n\t[vc_column_text]<\/p>\n<h3 style=\"text-align: center;\">Wir erleben<\/h3>\n<p style=\"text-align: center;\">4 Tage pure Heli Skiing Action im Hohen Norden. Skifahren, so wie es sein soll und wie ihr es euch immer gew\u00fcnscht habt<\/p>\n<p>[\/vc_column_text][\/vc_column_inner][\/vc_row_inner][\/vc_column][\/vc_row][vc_row][vc_column][vc_separator style=&#8221;dotted&#8221; border_width=&#8221;2&#8243; css=&#8221;.vc_custom_1455721302777{padding-top: 30px !important;padding-bottom: 30px !important;}&#8221;][\/vc_column][\/vc_row][vc_row][vc_column][vc_row_inner gap=&#8221;35&#8243; css=&#8221;.vc_custom_1456930710232{padding-top: 20px !important;padding-right: 20px !important;padding-bottom: 20px !important;padding-left: 20px !important;}&#8221;][vc_column_inner width=&#8221;2\/3&#8243;][vc_custom_heading text=&#8221;Willkommen im Heliskiing Himmel&#8221; font_container=&#8221;tag:h2|font_size:45|text_align:left|color:%23769abf&#8221; use_theme_fonts=&#8221;yes&#8221; css=&#8221;.vc_custom_1459412004911{margin-bottom: 40px !important;}&#8221;][vc_column_text][\/vc_column_text][vc_column_text]<\/p>\n<p style=\"text-align: justify;\"><strong>\u201eWo kommen die Skier hin? Wie sitzen wir im Helikopter? Wie steigen wir ein und wer steigt\u00a0zuerst aus? Wer macht die T\u00fcr zu? Antworten bekommst du und deine Begleiter von unseren Heli Guides und Bergf\u00fchrern vor dem ersten Flug.\u00a0Der Puls steigt. Der Pilot setzt den\u00a0Helikopter im Gange. Der Rotor wird schneller und schneller. Wir sitzen schon alle drinnen\u00a0und der Bergf\u00fchrer macht die T\u00fcr zu. L\u00e4rm und Puls steigen an. Der Pilot zieht den\u00a0Pitch und wir heben ab. Die H\u00e4user werden kleiner und wir sind unterwegs zu unserem ersten\u00a0Gipfel. Was f\u00fcr ein Gef\u00fchl &#8211; einfach unglaublich!<\/strong><\/p>\n<p style=\"text-align: justify;\">Nach ein paar Minuten landen wir sanft auf\u00a0dem Gipfel. Alles aussteigen und warten, bis der Bergf\u00fchrer dem Pilot ein Zeichen gibt. Der Helikopter hebt ab und hinterl\u00e4sst einen Wirbel aus Schnee. Jetzt ist alles still. Die klare Luft und die Aussicht sind atemberaubend. In der <strong>Wildnis Nordschwedens<\/strong> ziehen wir unsere ersten Turns in Richtung Tal, um wieder in den Helikopter zu steigen. Auf zum n\u00e4chsten Drop-Off.&#8221;<\/p>\n<p style=\"text-align: justify;\">Hoch im Norden Schwedens, ca. 300 Kilometer n\u00f6rdlich des Polarkreises, liegt das kleine Skigebiet <strong>Riksgr\u00e4nsen. <\/strong>Es ist zugleich\u00a0das Schwedische Heli Skiing-Zentrum. Bereits Anfang der 1920er Jahre startete das organisierte Skifahren in Riksgr\u00e4nsen, und \u00a0zugleich das Hotel mit Unterk\u00fcnften f\u00fcr Skifahrer und Naturliebhaber.<\/p>\n<p>[\/vc_column_text][vc_media_grid grid_id=&#8221;vc_gid:1769864850854-a773d70fd146035e229c0817123eb52b-7&#8243; include=&#8221;564,563,565&#8243;][vc_column_text]<\/p>\n<h3 style=\"text-align: justify;\">Dein pers\u00f6nlicher Heli Skiing\u00a0Traum geht in Erf\u00fcllung<\/h3>\n<p style=\"text-align: justify;\">Wir bieten dir und deinen Freunden unber\u00fchrtes Skifahren von Riksgr\u00e4nsen und Abisko im Norden, bis Kebnekaise (Schwedens h\u00f6chster Berg) im S\u00fcden. Das Gebiet umfasst ca. 5.000 Quadratkilometer\u00a0und hunderte von <strong>unber\u00fchrten Gipfeln<\/strong>. Unsere G\u00e4ste genie\u00dfen Skifahren, genauso, wie es ihnen vorschwebt. Am Ende eines Runs\u00a0angekommen wartet der Helikopter, bereit f\u00fcr den n\u00e4chsten Flug. In der Region gibt es Gipfel, die \u00fcber 2.000 Meter aus\u00a0dem Meer ragen. Es bietet Abfahrten bis zu 1.400 hm. <strong>Kalter Pulverschnee<\/strong> bis Ende April &#8211; bis Mai auch keine Seltenheit.<\/p>\n<h3 style=\"text-align: justify;\">Helikopter und Bergf\u00fchrer jeden Tag<\/h3>\n<p style=\"text-align: justify;\">Wir bieten <strong>maximale Flexibilit\u00e4t. <\/strong>Bergf\u00fchrer, Transfer, Helikopter und Pilot stehen f\u00fcr euch \u201estandby\u201c w\u00e4hrend des gesamten Aufenthaltes in Riksgr\u00e4nsen. Sollte das Wetter nicht mitspielen, ist in den Skigebieten Riksgr\u00e4nsen, Bj\u00f6rkliden, Abisko oder Narvik Freeriden angesagt. Warum nicht mal einen Skidoo ausleihen und eine Tour zur\u00a0L\u00e5kktatjokko machen. Dort warten\u00a0die besten Waffeln der Welt.\u00a0Bergf\u00fchrer und Transfer sind jeden Tag mit dabei.<\/p>\n<p>[\/vc_column_text][vc_toggle title=&#8221;Sicherheit immer mit im Geb\u00e4ck &#8211; HIER mehr Infos&#8221; el_id=&#8221;1459411466968-fd0db716-738b&#8221;]<\/p>\n<p style=\"text-align: justify;\">Die h\u00f6chsten <strong>Sicherheitsstandards<\/strong>\u00a0bieten wir beim Skifahren und im Helikopter. Jeder in der Gruppe wird mit der neuesten Notfallausr\u00fcstung ausgestattet. Der Pilot, wie auch der Bergf\u00fchrer, haben Satellitentelefone dabei, da die normalen Mobiltelefone in der Wildnis nicht immer funktionieren. Pilot und Bergf\u00fchrer kommunizieren \u00fcber Funk. Alle Heli-Guides sind staatlich gepr\u00fcfte Berg- und Skif\u00fchrer (UIAGM). Der Helikopter bietet Platz f\u00fcr 4 Personen plus Bergf\u00fchrer.<\/p>\n<p>[\/vc_toggle][vc_toggle title=&#8221;Extra Helicopter Zeit &#8211; HIER mehr Infos&#8221; el_id=&#8221;1459411504995-ea765e31-ce4e&#8221;]<\/p>\n<p style=\"text-align: justify;\">Wenn Ihr eure gesamte Flugzeit verbraucht haben solltet, kauft ihr einfach Flugzeit zu. Entscheiden k\u00f6nnt ihr das kurzfristig vor Ort, je nachdem wie die Verh\u00e4ltnisse gerade sind. Einer der gro\u00dfen <strong>Vorteile beim Heli Skiing<\/strong> \u2013 es gibt keine andere Gruppe, auf die wir R\u00fccksicht nehmen m\u00fcssen.\u00a0\u00dcber Preise \u00fcber zus\u00e4tzliche Flugstunden informieren wir\u00a0dich und deine Freunde\u00a0gerne auf Anfrage.<\/p>\n<p>[\/vc_toggle][vc_toggle title=&#8221;Garantiertes Skierlebnis &#8211; HIER mehr Infos&#8221; el_id=&#8221;1459411558632-3c690018-164a&#8221;]<\/p>\n<p style=\"text-align: justify;\"><strong>\u201eRefundierung bei schlechtem Wetter\u201c<\/strong>. Wir garantieren, dass wir die im Paket gebuchten H\u00f6henmeter fahren werden. Sollte dies aufgrund schlechten Wetters nicht m\u00f6glich sein, erstatten wir eine <strong>R\u00fcckzahlung<\/strong> pro Person und Flugstunde \u2013 jedoch nicht, wenn der Flugausfall von euch verursacht wird. Aber keine Angst, wir tun alles in unserer Macht Stehende, damit wir jeden Tag des\u00a0Trips mit euch fliegen k\u00f6nnen und ihr <strong>voll auf eure Kosten<\/strong> kommt!<\/p>\n<p>[\/vc_toggle][vc_column_text]<\/p>\n<h3 style=\"text-align: justify;\"><\/h3>\n<h3>Neugierig?<\/h3>\n<p style=\"text-align: justify;\">Dann warte nicht l\u00e4nger, und erf\u00fclle dir deinen ultimativen Ski-Freeride Traum mit einem Heli Skiing Trip. Ruf uns\u00a0unter <a href=\"Tel:\/\/+436642810254\">+43 664 2810254<\/a> oder f\u00fcll gleich das Kontaktformular unten aus. Im <a href=\"http:\/\/www.drsnow.at\/anfrage\/\">Anfrageformular<\/a>\u00a0kannst du dich auch gleich zu deinen individuellen Heli Skiing Abenteuer anmelden.<\/p>\n<h3 style=\"text-align: center;\">Wir freuen uns darauf, dir deinen Traum vom Heli Skiing zu erf\u00fcllen!<\/h3>\n<p>[\/vc_column_text][\/vc_column_inner][vc_column_inner width=&#8221;1\/3&#8243;][vc_custom_heading text=&#8221;Facts &amp; Figures&#8221; font_container=&#8221;tag:h2|font_size:45|text_align:left|color:%23769abf&#8221; use_theme_fonts=&#8221;yes&#8221; css=&#8221;.vc_custom_1456154782262{margin-bottom: 40px !important;}&#8221;][vc_column_text]<\/p>\n<h4>Wo geht es hin?<\/h4>\n<ul>\n<li style=\"font-weight: 400;\"><span style=\"font-weight: 400;\">Nordschweden, n\u00f6rdlich des Polarkreises<\/span><\/li>\n<li style=\"font-weight: 400;\">Die Schwedischen Berge rund um\u00a0Riksgr\u00e4nsen,<\/li>\n<\/ul>\n<h4>Wie lange dauert es?<\/h4>\n<ul>\n<li><span style=\"font-weight: 400;\">4 Tage pures Heli Skiing im Hohen Norden<\/span><\/li>\n<\/ul>\n<h4>Wann geht es los?<\/h4>\n<ul>\n<li style=\"font-weight: 400;\">08. M\u00e4rz &#8211; 12. M\u00e4rz 2026<\/li>\n<li style=\"font-weight: 400;\">15. M\u00e4rz &#8211; 19. M\u00e4rz 2026<\/li>\n<li style=\"font-weight: 400;\">22. M\u00e4rz &#8211; 26. M\u00e4rz 2026 (Hochsaison)<\/li>\n<li style=\"font-weight: 400;\">29. M\u00e4rz &#8211; 02. April 2026 (Hochsaison)<\/li>\n<li style=\"font-weight: 400;\">05. April &#8211; 09. April\u00a0 2026 (Hochsaison)<\/li>\n<li style=\"font-weight: 400;\">12. April\u00a0 &#8211; 16. April 2026 (Hochsaison)<\/li>\n<li>19. April\u00a0 &#8211; 23. April\u00a0 2026 (Hochsaison)<\/li>\n<li>26. April\u00a0 &#8211;\u00a0 30. April\u00a0 2026 (Hochsaison)<\/li>\n<li>03. Mai\u00a0 \u00a0 &#8211;\u00a0 07.\u00a0 Mai\u00a0 2026<\/li>\n<li>10. Mai\u00a0 \u00a0 &#8211;\u00a0 14.\u00a0 \u00a0Mai\u00a0 2026<\/li>\n<li>17. Mai\u00a0 \u00a0 &#8211;\u00a0 \u00a021.\u00a0 Mai\u00a0 \u00a02026<\/li>\n<\/ul>\n<h4>Was muss ich k\u00f6nnen?<\/h4>\n<ul>\n<li style=\"font-weight: 400;\">Sichere Skitechnik, Off Piste Erfahrung vom Vorteil<\/li>\n<li style=\"font-weight: 400;\">Gro\u00dfe Motivation, allgemeine gute Kondition<\/li>\n<li style=\"font-weight: 400;\">Keine Flugangst<\/li>\n<\/ul>\n<h4>Was kann ich erwarten?<\/h4>\n<ul>\n<li>Abholung vom Flughafen\u00a0Kiruna<\/li>\n<li>4 \u00dcbernachtungen im Doppelzimmer<\/li>\n<li>4 Tage Betreuung durch Berg- und Skif\u00fchrer<\/li>\n<li>4 Std. Helikopterflugzeit<\/li>\n<li>Helikopter und Pilot auf \u201estandby\u201c<\/li>\n<li>Fr\u00fchst\u00fcck, Mittagessen (beim Heliskiing) und Abendessen<\/li>\n<li>Alle n\u00f6tigen Transfers<\/li>\n<li>Lawinenkunde,\u00a0Notfallausr\u00fcstung f\u00fcr off-piste Skifahren<\/li>\n<li>LVS-Ger\u00e4t, Sonde, Lawinenschaufel, Airbag Rucksack<\/li>\n<li>Transfer zur\u00fcck zum Flughafen Kiruna<\/li>\n<\/ul>\n<h4>Was ist nicht inklusive?<\/h4>\n<ul>\n<li style=\"font-weight: 400;\">Eigene Anreise nach Kiruna<\/li>\n<li style=\"font-weight: 400;\">Liftkarte f\u00fcr Tage, an denen nicht geflogen\u00a0wird<\/li>\n<li style=\"font-weight: 400;\">Skiausr\u00fcstung &#8211; Skiverleih vorhanden<\/li>\n<\/ul>\n<p>[\/vc_column_text][vc_progress_bar values=&#8221;%5B%7B%22label%22%3A%22Pures%20Skierlebnis%20in%20wilder%20Natur%22%2C%22value%22%3A%22100%22%2C%22color%22%3A%22bar_red%22%7D%2C%7B%22label%22%3A%22Abfahrt%2C%20Powder%2C%20Genuss%22%2C%22value%22%3A%2290%22%2C%22color%22%3A%22bar_orange%22%7D%2C%7B%22label%22%3A%22Skifahrerisches%20Gustost%C3%BCckchen%22%2C%22value%22%3A%2280%22%2C%22color%22%3A%22bar_orange%22%7D%2C%7B%22label%22%3A%22Erlebnis%2C%20Natur%2C%20Panorama%22%2C%22value%22%3A%2280%22%2C%22color%22%3A%22bar_green%22%7D%5D&#8221; title=&#8221;Heli skiing characteristik&#8221;][vc_cta h2=&#8221;Ab \u20ac 4.600,- DZ&#8221; h4=&#8221;Ab \u20ac 5.060,- DZ (Hochsaison)&#8221; add_button=&#8221;bottom&#8221; btn_title=&#8221;&#8221; btn_size=&#8221;lg&#8221; btn_align=&#8221;center&#8221; btn_button_block=&#8221;true&#8221; btn_add_icon=&#8221;true&#8221; btn_custom_onclick=&#8221;true&#8221;]Der Endpreis ist in Schwedische Kronen zu beglichen. Europreis bezieht sich auf einen Wechselkurs vom 27.05.2025. Der Euroendpreis kann daher leicht schwanken.<br \/>\nMax. Gruppengr\u00f6\u00dfe: 4 Personen pro Bergf\u00fchrer[\/vc_cta][\/vc_column_inner][vc_column_inner][\/vc_column_inner][\/vc_row_inner][\/vc_column][\/vc_row][vc_row full_width=&#8221;stretch_row_content_no_spaces&#8221; css=&#8221;.vc_custom_1455721865023{padding-top: 100px !important;padding-bottom: 100px !important;background-color: #333333 !important;}&#8221;][vc_column][vc_row_inner gap=&#8221;35&#8243; css=&#8221;.vc_custom_1455722229099{padding-right: 15% !important;padding-left: 15% !important;}&#8221; el_class=&#8221;white&#8221;][vc_column_inner width=&#8221;1\/2&#8243;][vc_custom_heading text=&#8221;&#8221; font_container=&#8221;tag:h2|font_size:45|text_align:left|color:%23ffffff&#8221; use_theme_fonts=&#8221;yes&#8221; css=&#8221;.vc_custom_1769864862250{margin-bottom: 40px !important;}&#8221;][contact-form-7 404 \"Not Found\"][\/vc_column_inner][vc_column_inner width=&#8221;1\/2&#8243;][vc_custom_heading text=&#8221;Partner&#8221; font_container=&#8221;tag:h2|font_size:45|text_align:left|color:%23ffffff&#8221; use_theme_fonts=&#8221;yes&#8221;][vc_raw_html]JTNDZGl2JTNFJTBBJTNDdGFibGUlMjB3aWR0aCUzRCUyMjEwMCUyNSUyMiUyMGJvcmRlciUzRCUyMjAlMjIlMjBjZWxsc3BhY2luZyUzRCUyMjAlMjIlMjBjZWxscGFkZGluZyUzRCUyMjAlMjIlM0UlMEElMjAlMjAlM0N0Ym9keSUzRSUwQSUyMCUyMCUyMCUyMCUzQ3RyJTNFJTBBJTIwJTIwJTIwJTIwJTIwJTIwJTNDdGQlM0UlM0NhJTIwaHJlZiUzRCUyMmh0dHBzJTNBJTJGJTJGd3d3LnVuaXF1ZS1za2lzLmNvbSUyMiUyMHRhcmdldCUzRCUyMl9ibGFuayUyMiUzRSUzQ2ltZyUyMHNyYyUzRCUyMmh0dHBzJTNBJTJGJTJGd3d3LmRyc25vdy5hdCUyRndwLWNvbnRlbnQlMkZ1cGxvYWRzJTJGMjAxNiUyRjA0JTJGdW5pcXVlc2tpcy5wbmclMjIlMjAlMkYlM0UlM0MlMkZhJTNFJTNDJTJGdGQlM0UlMEElMjAlMjAlMjAlMjAlMjAlMjAlM0N0ZCUzRSUzQ2ElMjBocmVmJTNEJTIyaHR0cHMlM0ElMkYlMkZ3d3cuc3RlbGxhcmVxdWlwbWVudC5jb20lMjIlMjB0YXJnZXQlM0QlMjJfYmxhbmslMjIlM0UlM0NpbWclMjBzcmMlM0QlMjJodHRwcyUzQSUyRiUyRnd3dy5kcnNub3cuYXQlMkZ3cC1jb250ZW50JTJGdXBsb2FkcyUyRjIwMTYlMkYxMSUyRnN0ZWxsYXIucG5nJTIyJTIwJTJGJTNFJTNDJTJGYSUzRSUzQyUyRnRkJTNFJTBBJTIwJTIwJTIwJTIwJTIwJTIwJTNDdGQlM0UlM0NhJTIwaHJlZiUzRCUyMmh0dHBzJTNBJTJGJTJGd3d3LnBpZXBzLmNvbSUyMiUyMCUyMHRhcmdldCUzRCUyMl9ibGFuayUyMiUzRSUzQ2ltZyUyMHNyYyUzRCUyMmh0dHBzJTNBJTJGJTJGd3d3LmRyc25vdy5hdCUyRndwLWNvbnRlbnQlMkZ1cGxvYWRzJTJGMjAxNiUyRjA0JTJGcGllcHMucG5nJTIyJTIwJTJGJTNFJTNDJTJGYSUzRSUzQyUyRnRkJTNFJTBBJTIwJTIwJTIwJTIwJTNDJTJGdHIlM0UlMEElMjAlMjAlMjAlMjAlM0N0ciUzRSUwQSUyMCUyMCUyMCUyMCUyMCUyMCUzQ3RkJTNFJTNDYSUyMGhyZWYlM0QlMjJodHRwcyUzQSUyRiUyRnd3dy5wb2xlcG9zaXRpb25zcG9ydC5jb20lMjIlMjB0YXJnZXQlM0QlMjJfYmxhbmslMjIlM0UlM0NpbWclMjBzcmMlM0QlMjJodHRwcyUzQSUyRiUyRnd3dy5kcnNub3cuYXQlMkZ3cC1jb250ZW50JTJGdXBsb2FkcyUyRjIwMTYlMkYwNCUyRnBvbGVwb3NpdGlvbi5wbmclMjIlMjAlMkYlM0UlM0MlMkZhJTNFJTNDJTJGdGQlM0UlMEElMjAlMjAlMjAlMjAlMjAlMjAlM0N0ZCUzRSUzQ2ElMjBocmVmJTNEJTIyaHR0cHMlM0ElMkYlMkZ3d3cuaGVzdHJhZ2xvdmVzLmNvbSUyMiUyMHRhcmdldCUzRCUyMmJsYW5rJTIyJTNFJTNDaW1nJTIwc3JjJTNEJTIyaHR0cHMlM0ElMkYlMkZ3d3cuZHJzbm93LmF0JTJGd3AtY29udGVudCUyRnVwbG9hZHMlMkYyMDE2JTJGMDQlMkZoZXN0cmEucG5nJTIyJTIwJTJGJTNFJTNDJTJGYSUzRSUzQyUyRnRkJTNFJTBBJTIwJTIwJTIwJTIwJTIwJTIwJTNDdGQlM0UlM0NhJTIwaHJlZiUzRCUyMmh0dHBzJTNBJTJGJTJGd3d3LmRyemlwZS5jb20lMjIlMjB0YXJnZXQlM0QlMjJibGFuayUyMiUzRSUzQ2ltZyUyMHNyYyUzRCUyMmh0dHBzJTNBJTJGJTJGd3d3LmRyc25vdy5hdCUyRndwLWNvbnRlbnQlMkZ1cGxvYWRzJTJGMjAxNiUyRjA0JTJGZHJ6aXBlLnBuZyUyMiUyMCUyRiUzRSUzQyUyRmElM0UlM0MlMkZ0ZCUzRSUwQSUyMCUyMCUyMCUyMCUzQyUyRnRyJTNFJTBBJTIwJTIwJTNDJTJGdGJvZHklM0UlMEElM0MlMkZ0YWJsZSUzRSUwQSUzQyUyRmRpdiUzRQ==[\/vc_raw_html][vc_column_text el_class=&#8221;white&#8221;]<strong>Bengt Lundberg |\u00a0Berg- &amp; Skif\u00fchrer<\/strong><br \/>\nSaalhofstra\u00dfe 3<br \/>\nA-5751\u00a0MAISHOFEN<br \/>\nAUSTRIA<br \/>\nTel.: <a href=\"Tel:\/\/+436642810254\">+43 664 2810254<\/a><br \/>\nMail: <a href=\"mailto:info@drsnow.at\">info@drsnow.at<\/a><br \/>\nWeb: <a href=\"http:\/\/www.drsnow.at\">www.drsnow.at<\/a>[\/vc_column_text][\/vc_column_inner][\/vc_row_inner][\/vc_column][\/vc_row]<\/p>\n","protected":false},"excerpt":{"rendered":"<p>[vc_row full_width=&#8221;stretch_row&#8221; full_height=&#8221;yes&#8221; content_placement=&#8221;middle&#8221; parallax=&#8221;content-moving&#8221; height=&#8221;400px&#8221; type=&#8221;boxed&#8221; css=&#8221;.vc_custom_1458564336423{margin-bottom: 50px !important;background-image: url(http:\/\/www.drsnow.at\/wp-content\/uploads\/2016\/02\/heli-12.jpg?id=566) !important;background-position: center;background-repeat: no-repeat;background-size:cover !important;}&#8221;][vc_column][vc_row_inner][vc_column_inner][vc_column_text css_animation=&#8221;appear&#8221;] heli skiing [\/vc_column_text][\/vc_column_inner][\/vc_row_inner][\/vc_column][\/vc_row][vc_row][vc_column][vc_row_inner][vc_column_inner width=&#8221;1\/3&#8243;][vc_column_text] Wir sind Staatlich gepr\u00fcfte Berg-, Skif\u00fchrer &amp; Heli Guides und\u00a0nehmen euch mit zu eurem individuellen Heli Skiing Traum [\/vc_column_text][\/vc_column_inner][vc_column_inner width=&#8221;1\/3&#8243;][vc_column_text] Ihr seid Erfahrende Skifahrer, Off-Piste-Junkies\u00a0und forgeschrittene Freerider. Nun wollt ihr das ultimative Ski-Abenteuer erleben [\/vc_column_text][\/vc_column_inner][vc_column_inner [&hellip;]<\/p>\n","protected":false},"author":2,"featured_media":0,"parent":0,"menu_order":0,"comment_status":"closed","ping_status":"closed","template":"","meta":[],"_links":{"self":[{"href":"https:\/\/www.drsnow.at\/en\/wp-json\/wp\/v2\/pages\/583"}],"collection":[{"href":"https:\/\/www.drsnow.at\/en\/wp-json\/wp\/v2\/pages"}],"about":[{"href":"https:\/\/www.drsnow.at\/en\/wp-json\/wp\/v2\/types\/page"}],"author":[{"embeddable":true,"href":"https:\/\/www.drsnow.at\/en\/wp-json\/wp\/v2\/users\/2"}],"replies":[{"embeddable":true,"href":"https:\/\/www.drsnow.at\/en\/wp-json\/wp\/v2\/comments?post=583"}],"version-history":[{"count":90,"href":"https:\/\/www.drsnow.at\/en\/wp-json\/wp\/v2\/pages\/583\/revisions"}],"predecessor-version":[{"id":24779,"href":"https:\/\/www.drsnow.at\/en\/wp-json\/wp\/v2\/pages\/583\/revisions\/24779"}],"wp:attachment":[{"href":"https:\/\/www.drsnow.at\/en\/wp-json\/wp\/v2\/media?parent=583"}],"curies":[{"name":"wp","href":"https:\/\/api.w.org\/{rel}","templated":true}]}}