{"id":540,"date":"2016-02-25T16:53:15","date_gmt":"2016-02-25T15:53:15","guid":{"rendered":"http:\/\/www.drsnow.at\/?page_id=540"},"modified":"2026-01-31T14:06:23","modified_gmt":"2026-01-31T13:06:23","slug":"freeride-camps","status":"publish","type":"page","link":"https:\/\/www.drsnow.at\/en\/freeride-camps\/","title":{"rendered":"freeride camps"},"content":{"rendered":"<p>[vc_row full_width=&#8221;stretch_row_content_no_spaces&#8221; full_height=&#8221;yes&#8221; content_placement=&#8221;middle&#8221; parallax=&#8221;content-moving&#8221; height=&#8221;900px&#8221; css=&#8221;.vc_custom_1459280604185{margin-bottom: 50px !important;background-image: url(http:\/\/www.drsnow.at\/wp-content\/uploads\/2016\/03\/saalbach-9005.jpg?id=769) !important;background-position: center;background-repeat: no-repeat;background-size:cover !important;}&#8221;][vc_column][vc_row_inner][vc_column_inner][vc_column_text css_animation=&#8221;appear&#8221;]<\/p>\n<h1 class=\"white-headline\" style=\"text-align: center;\">freeride camps<\/h1>\n<p>[\/vc_column_text][\/vc_column_inner][\/vc_row_inner][\/vc_column][\/vc_row][vc_row][vc_column][vc_row_inner][vc_column_inner width=&#8221;1\/3&#8243;]\t\t\n\t\t<div class=\"shortcode_icon_box icon_position_top icon_style_normal with_separator\">\n\t\t\t<div class=\"icon_wrapper\" style=\"background-color:#ffffff; border-color:#000\">\n\t\t\t\t<div class=\"icon arrows-anticlockwise\" style=\"color:#000\"><\/div>\n\t\t\t<\/div><\/div>\n\t[vc_column_text]<\/p>\n<h3 style=\"text-align: center;\">Wir sind<\/h3>\n<p style=\"text-align: center;\">Staatlich gepr\u00fcfte Berg- &amp; Skif\u00fchrer und geben unser Wissen an euch weiter<\/p>\n<p>[\/vc_column_text][\/vc_column_inner][vc_column_inner width=&#8221;1\/3&#8243;]\t\t\n\t\t<div class=\"shortcode_icon_box icon_position_top icon_style_normal with_separator\">\n\t\t\t<div class=\"icon_wrapper\" style=\"background-color:#ffffff; border-color:#000\">\n\t\t\t\t<div class=\"icon weather-snowflake\" style=\"color:#000\"><\/div>\n\t\t\t<\/div><\/div>\n\t[vc_column_text]<\/p>\n<h3 style=\"text-align: center;\">Ihr seid<\/h3>\n<p style=\"text-align: center;\">Ambitionierte Skifahrer mit einem starken Drang nach Wissen, K\u00f6nnen &amp; Powder-Action<\/p>\n<p>[\/vc_column_text][\/vc_column_inner][vc_column_inner width=&#8221;1\/3&#8243;]\t\t\n\t\t<div class=\"shortcode_icon_box icon_position_top icon_style_normal with_separator\">\n\t\t\t<div class=\"icon_wrapper\" style=\"background-color:#ffffff; border-color:#000\">\n\t\t\t\t<div class=\"icon weather-sun\" style=\"color:#000\"><\/div>\n\t\t\t<\/div><\/div>\n\t[vc_column_text]<\/p>\n<h3 style=\"text-align: center;\">Wir erleben<\/h3>\n<p style=\"text-align: center;\">3 Tage Freeride Camp mit dr. snow. Wissen &amp; K\u00f6nnen im besten Pulverschnee des SalzburgerLandes<\/p>\n<p>[\/vc_column_text][\/vc_column_inner][\/vc_row_inner][\/vc_column][\/vc_row][vc_row][vc_column][vc_separator style=&#8221;dotted&#8221; border_width=&#8221;2&#8243; css=&#8221;.vc_custom_1455721302777{padding-top: 30px !important;padding-bottom: 30px !important;}&#8221;][\/vc_column][\/vc_row][vc_row][vc_column][vc_row_inner gap=&#8221;35&#8243;][vc_column_inner width=&#8221;2\/3&#8243;][vc_custom_heading text=&#8221;Safety ist das h\u00f6chste Gebot&#8221; font_container=&#8221;tag:h2|font_size:45|text_align:left|color:%23769abf&#8221; use_theme_fonts=&#8221;yes&#8221; css=&#8221;.vc_custom_1463488544338{margin-bottom: 40px !important;}&#8221;][vc_column_text][\/vc_column_text][vc_column_text]<\/p>\n<h3 style=\"text-align: justify;\">dr. snow zeigt dir den Weg zum Freeride Gl\u00fcck<\/h3>\n<p style=\"text-align: justify;\"><b>\u201eRespektvoll setzt du deine Ski in den Schnee. Der Blick geht weit. Hypnotisiert von der Sch\u00f6nheit stehst du da. Der Atem geht tief, kalte Luft f\u00fcllt die Lunge. Vor dir liegt ein unber\u00fchrter Tiefschneehang. Der Schnee h\u00fcllt einen Mantel der Stille \u00fcber die Berge. Die Ruhe breitet sich auch in dir aus. Auf die Frage warum du hier bist, gibt es nur eine Antwort: du kannst nicht widerstehen.&#8221;<\/b><\/p>\n<p style=\"text-align: justify;\"><span style=\"font-weight: 400;\">Mit Achtung blickst du auf die Abfahrt und hoffst, dass du Gast sein darfst auf den wei\u00dfen H\u00e4ngen. Du hast kein Ziel mehr, es z\u00e4hlt nur noch der Weg, <strong>der Moment<\/strong>, das Jetzt. Wenn endlich die Stimme der Gedanken schweigt und du dem alles \u00fcbert\u00f6nenden L\u00e4rm entfliehst, dann tauchst du ein in die Tiefe der unendlichen Sch\u00f6nheit des wei\u00dfen Goldes. <\/span><span style=\"font-weight: 400;\">Es geht nicht um Adrenalin oder um K\u00f6nnen, es geht um das <strong>Eins-Sein mit dem Schnee<\/strong>. Du bist einfach da, du wirst ein Teil von Allem. Du fliegst, es gibt kein Ich mehr. Am Ende der Abfahrt bleibst du stehen. Du hast das Gef\u00fchl des Erwachens. Du sp\u00fcrst Zufriedenheit und diesen Schatz nimmst du im Herzen mit.\u201c<\/span><\/p>\n<p>[\/vc_column_text][vc_media_grid grid_id=&#8221;vc_gid:1769864764463-b4cdf26a0cf5a1be700273d626d397aa-10&#8243; include=&#8221;408,406,398&#8243;][vc_column_text]<\/p>\n<h3 style=\"text-align: justify;\">Freeriden mit dr. snow<\/h3>\n<p style=\"text-align: justify;\">Das Freeriden ist f\u00fcr mich eine Lebenseinstellung und ein Lebensstil, die ich gerne an meine G\u00e4ste weitergeben m\u00f6chte. Ich bin Skifahrer und Freerider aus Leidenschaft, der das Skifahren zum Beruf und zur Berufung gemacht hat. Freeriden spielt sich im <strong>freien Gel\u00e4nde<\/strong> ab und im besten Fall nat\u00fcrlich mit fettem Powder. Aber auch sonst gilt es, mit den vorherrschenden Verh\u00e4ltnissen zurechtzukommen.<\/p>\n<p style=\"text-align: justify;\">Dennoch setzt das Freeriden ein gewisses Ma\u00df an K\u00f6nnen und Wissen voraus. <strong>Lawinenkunde<\/strong>, <strong>Routenwahl<\/strong>, <strong>Wetter<\/strong>, <strong>Orientierung<\/strong>, die <strong>richtige Ausr\u00fcstung<\/strong>, <strong>Skitechnik<\/strong>, um nur einige Sachen zu nennen. Darin bin ich Profi und als erfahrener Bergf\u00fchrer kann ich dir dieses besondere Erlebnis in den verschneiten Bergen erm\u00f6glichen.\u00a0In unseren\u00a0<strong>Freeride Camps<\/strong> besch\u00e4ftigen wir uns mit diesen Themen, da es wichtig ist, ein gewisses Ma\u00df an Kenntnissen zu besitzen, wenn du alleine oder mit Freunden unterwegs sein willst. \u00a0Abends geht es um Theorie und Themen, die wichtig sind f\u00fcr das Freeriden, um sicher unterwegs zu sein. Untertags setzen wir dann die Theorie \u00a0im Gel\u00e4nde in die Praxis\u00a0um.<\/p>\n<p>[\/vc_column_text][vc_column_text]<\/p>\n<h3 style=\"text-align: justify;\">Good to know<\/h3>\n<p style=\"text-align: justify;\"><span style=\"font-weight: 400;\">Bei den Freeride Camps fahren <strong>Skifahrer<\/strong> und <strong>Snowboarder<\/strong> in getrennten Gruppen. Die Theorieabende finden gemeinsam statt &#8211; Wissen &amp; Lawinenkunde ist gleichsam g\u00fcltig f\u00fcr alle Teilnehmer.\u00a0<\/span>Die dr. snow Freeride Camps finden haupts\u00e4chlich im <a href=\"http:\/\/www.skicircus.at\" target=\"_blank\" rel=\"noopener\">Skicircus Saalbach Hinterglemm Leogang Fieberbrunn<\/a> statt. Mit der Salzburg Super Ski Card haben wir jedoch auch Zugang zu <strong>anderen Skigebieten<\/strong> wie Maria Alm, Kitzb\u00fchel, die Wildkogel Arena, das <a href=\"http:\/\/www.kitzsteinhorn.at\" target=\"_blank\" rel=\"noopener\">Kitzsteinhorn<\/a>, das Gasteinertal uvm.<\/p>\n<h3>3 &#8211; Tage &#8211; Freeride-Camp:<\/h3>\n<p>[\/vc_column_text][vc_toggle title=&#8221;3-Tage-Freeride-Camp HIER mehr Infos&#8221; el_id=&#8221;1458584097224-397422d9-ce98&#8243;]<\/p>\n<h4 style=\"text-align: justify;\"><strong>Anforderungen 3-Tage- Freeride-Camp<\/strong><\/h4>\n<p class=\"p1\" style=\"text-align: justify;\"><span class=\"s1\">Dieses Freeride Camp ist f\u00fcr Einsteiger und Fortgeschrittene geeignet. (Bitte bei der Anmeldung angeben!) Generelle Voraussetzung ist sicheres und z\u00fcgiges Fahren auf roten und teilweise schwarzen Pisten. Du warst vielleicht auch schon im leichten Off Piste Gel\u00e4nde unterwegs, und hast jetzt den Wunsch endlich einmal in sicherem Umfeld das Freeriden\/Off Piste fahren richtig zu erlernen.\u00a0\u00a0<\/span><\/p>\n<p class=\"p1\" style=\"text-align: justify;\"><span class=\"s1\">Preis: \u20ac 450,&#8211; pro Person.\u00a0\u00a0<\/span><\/p>\n<h4 class=\"p1\" style=\"text-align: justify;\"><strong>Inhalt des Freeride Camps<\/strong><\/h4>\n<ul>\n<li class=\"p1\" style=\"text-align: justify;\"><span class=\"s1\">Richtige Ski Technik, Tempo und Spurwahl im Gel\u00e4nde.<\/span><\/li>\n<li class=\"p1\" style=\"text-align: justify;\"><span class=\"s1\">Fahren von Lines und Gel\u00e4ndeformen im leichten bis mittelschweren Gel\u00e4nde.<\/span><\/li>\n<li class=\"p1\" style=\"text-align: justify;\"><span class=\"s1\">Lifterschlossenes Gebiet kombiniert mit kurzen Aufstiege.<\/span><\/li>\n<li class=\"p1\" style=\"text-align: justify;\"><span class=\"s1\">Interpretation des Lawinenlagebericht, Schnee- und Lawinenkunde, Tourenplanung.<\/span><\/li>\n<li class=\"p1\" style=\"text-align: justify;\"><span class=\"s1\">Umgang mit dem Versch\u00fcttetensuchger\u00e4t, Verhaltensregeln in der Gruppe.\u00a0<\/span><\/li>\n<\/ul>\n<p>[\/vc_toggle][vc_column_text]<\/p>\n<h3 style=\"text-align: justify;\">Neugierig?<\/h3>\n<p style=\"text-align: justify;\">Dann warte nicht l\u00e4nger,\u00a0sondern nimm gleich mit uns Kontakt auf. Ruf uns an unter <a href=\"Tel:\/\/+436642810254\">+43 664 2810254<\/a> oder f\u00fcll das Kontaktformular unten aus. Im <a href=\"http:\/\/www.drsnow.at\/anfrage\/\">Anfrageformular<\/a> kannst du dir gleich den Wunsch nach deinem individuellen Freeride Camp erf\u00fcllen.<\/p>\n<h3 style=\"text-align: center;\">Wir freuen uns\u00a0auf das Freeride Camp mit dir und deinen Freunden!<\/h3>\n<p>[\/vc_column_text][\/vc_column_inner][vc_column_inner width=&#8221;1\/3&#8243;][vc_custom_heading text=&#8221;Facts &amp; Figures&#8221; font_container=&#8221;tag:h2|font_size:45|text_align:left|color:%23769abf&#8221; use_theme_fonts=&#8221;yes&#8221; css=&#8221;.vc_custom_1456154782262{margin-bottom: 40px !important;}&#8221;][vc_column_text]<\/p>\n<h4>Wo geht es hin?<\/h4>\n<ul>\n<li style=\"font-weight: 400;\"><span style=\"font-weight: 400;\">Pinzgauer Skigebiete, je nach Bedingungen<\/span><\/li>\n<li style=\"font-weight: 400;\">Zwischen Saalbach, Maria Alm &amp; Kitzsteinhorn<\/li>\n<\/ul>\n<h4><strong>Wie lange dauert es?<\/strong><\/h4>\n<ul>\n<li><span style=\"font-weight: 400;\">3 Tage dr. snow Freeride Camp\u00a0<\/span><\/li>\n<\/ul>\n<h4><strong>Wann geht es los?<\/strong><\/h4>\n<ul>\n<li style=\"font-weight: 400;\">Bei 4 Personen,<strong> nur auf Anfrage!<\/strong><\/li>\n<li><\/li>\n<li style=\"font-weight: 400;\"><strong>Was muss ich k\u00f6nnen?<\/strong><\/li>\n<\/ul>\n<ul>\n<li style=\"font-weight: 400;\">Sicheres und z\u00fcgiges Fahren auf roten und teilweise schwarzen Pisten. Du warst schon auch vielleicht im leichten Off Piste Gel\u00e4nde unterwegs, ist aber kein muss.<\/li>\n<\/ul>\n<h4><strong>Was\u00a0ist inklusive?<\/strong><\/h4>\n<ul>\n<li style=\"font-weight: 400;\">3 Tage Freeride Camp mit dr. snow<\/li>\n<li style=\"font-weight: 400;\">Staatl. gepr. Berg- &amp; Skif\u00fchrer<\/li>\n<li style=\"font-weight: 400;\">Notfallausr\u00fcstung<\/li>\n<li style=\"font-weight: 400;\">Info &amp; Lehrmaterial<\/li>\n<li style=\"font-weight: 400;\">Theorie &amp; Filmabende<\/li>\n<li style=\"font-weight: 400;\">Kleingruppen mit max. 6 Personen<\/li>\n<\/ul>\n<h4><strong>Was ist nicht\u00a0inklusive?<\/strong><\/h4>\n<ul>\n<li style=\"font-weight: 400;\">3 Tage Salzburger Super Ski Card (Liftkarte)<\/li>\n<li style=\"font-weight: 400;\">3 \u00dcN im DZ\/EZ inkl. Halbpension<\/li>\n<li style=\"font-weight: 400;\">Skiausr\u00fcstung<\/li>\n<li style=\"font-weight: 400;\">Pers\u00f6nliche Skibekleidung<\/li>\n<li style=\"font-weight: 400;\">Mittagessen<\/li>\n<li style=\"font-weight: 400;\">Schreibmaterial<\/li>\n<li style=\"font-weight: 400;\">ev. Transfers<\/li>\n<\/ul>\n<p>[\/vc_column_text][vc_progress_bar values=&#8221;%5B%7B%22label%22%3A%22Wissen%2C%20Know-How%2C%20Schulung%22%2C%22value%22%3A%22100%22%2C%22color%22%3A%22bar_red%22%7D%2C%7B%22label%22%3A%22Abfahrt%2C%20Powder%2C%20Genuss%22%2C%22value%22%3A%2280%22%2C%22color%22%3A%22bar_orange%22%7D%2C%7B%22label%22%3A%22Erlebnis%2C%20Natur%2C%20Panorama%22%2C%22value%22%3A%2260%22%2C%22color%22%3A%22bar_green%22%7D%5D&#8221; title=&#8221;Freeride-Day-Characteristik&#8221;][vc_cta h2=&#8221;&#8221; h4=&#8221;Freeride Camps werden ab 4 Personen durchgef\u00fchrt&#8221; add_button=&#8221;bottom&#8221; btn_title=&#8221;&#8221; btn_size=&#8221;lg&#8221; btn_align=&#8221;center&#8221; btn_button_block=&#8221;true&#8221; btn_add_icon=&#8221;true&#8221; btn_custom_onclick=&#8221;true&#8221;]Das Team um dr. snow besteht ausschlie\u00dflich aus Guides mit den h\u00f6chsten Qualifikationen![\/vc_cta][\/vc_column_inner][vc_column_inner][\/vc_column_inner][\/vc_row_inner][\/vc_column][\/vc_row][vc_row full_width=&#8221;stretch_row_content_no_spaces&#8221; css=&#8221;.vc_custom_1455721865023{padding-top: 100px !important;padding-bottom: 100px !important;background-color: #333333 !important;}&#8221;][vc_column][vc_row_inner gap=&#8221;35&#8243; css=&#8221;.vc_custom_1455722229099{padding-right: 15% !important;padding-left: 15% !important;}&#8221; el_class=&#8221;white&#8221;][vc_column_inner width=&#8221;1\/2&#8243;][vc_custom_heading text=&#8221;&#8221; font_container=&#8221;tag:h2|font_size:45|text_align:left|color:%23ffffff&#8221; use_theme_fonts=&#8221;yes&#8221; css=&#8221;.vc_custom_1769864783556{margin-bottom: 40px !important;}&#8221;][contact-form-7 404 \"Not Found\"][\/vc_column_inner][vc_column_inner width=&#8221;1\/2&#8243;][vc_custom_heading text=&#8221;Partner&#8221; font_container=&#8221;tag:h2|font_size:45|text_align:left|color:%23ffffff&#8221; use_theme_fonts=&#8221;yes&#8221; css=&#8221;.vc_custom_1461068318730{margin-bottom: 40px !important;}&#8221;][vc_raw_html]JTNDZGl2JTNFJTBBJTNDdGFibGUlMjB3aWR0aCUzRCUyMjEwMCUyNSUyMiUyMGJvcmRlciUzRCUyMjAlMjIlMjBjZWxsc3BhY2luZyUzRCUyMjAlMjIlMjBjZWxscGFkZGluZyUzRCUyMjAlMjIlM0UlMEElMjAlMjAlM0N0Ym9keSUzRSUwQSUyMCUyMCUyMCUyMCUzQ3RyJTNFJTBBJTIwJTIwJTIwJTIwJTIwJTIwJTNDdGQlM0UlM0NhJTIwaHJlZiUzRCUyMmh0dHBzJTNBJTJGJTJGd3d3LnVuaXF1ZS1za2lzLmNvbSUyMiUyMHRhcmdldCUzRCUyMl9ibGFuayUyMiUzRSUzQ2ltZyUyMHNyYyUzRCUyMmh0dHBzJTNBJTJGJTJGd3d3LmRyc25vdy5hdCUyRndwLWNvbnRlbnQlMkZ1cGxvYWRzJTJGMjAxNiUyRjA0JTJGdW5pcXVlc2tpcy5wbmclMjIlMjAlMkYlM0UlM0MlMkZhJTNFJTNDJTJGdGQlM0UlMEElMjAlMjAlMjAlMjAlMjAlMjAlM0N0ZCUzRSUzQ2ElMjBocmVmJTNEJTIyaHR0cHMlM0ElMkYlMkZ3d3cuc3RlbGxhcmVxdWlwbWVudC5jb20lMjIlMjB0YXJnZXQlM0QlMjJfYmxhbmslMjIlM0UlM0NpbWclMjBzcmMlM0QlMjJodHRwcyUzQSUyRiUyRnd3dy5kcnNub3cuYXQlMkZ3cC1jb250ZW50JTJGdXBsb2FkcyUyRjIwMTYlMkYxMSUyRnN0ZWxsYXIucG5nJTIyJTIwJTJGJTNFJTNDJTJGYSUzRSUzQyUyRnRkJTNFJTBBJTIwJTIwJTIwJTIwJTIwJTIwJTNDdGQlM0UlM0NhJTIwaHJlZiUzRCUyMmh0dHBzJTNBJTJGJTJGd3d3LnBpZXBzLmNvbSUyMiUyMCUyMHRhcmdldCUzRCUyMl9ibGFuayUyMiUzRSUzQ2ltZyUyMHNyYyUzRCUyMmh0dHBzJTNBJTJGJTJGd3d3LmRyc25vdy5hdCUyRndwLWNvbnRlbnQlMkZ1cGxvYWRzJTJGMjAxNiUyRjA0JTJGcGllcHMucG5nJTIyJTIwJTJGJTNFJTNDJTJGYSUzRSUzQyUyRnRkJTNFJTBBJTIwJTIwJTIwJTIwJTNDJTJGdHIlM0UlMEElMjAlMjAlMjAlMjAlM0N0ciUzRSUwQSUyMCUyMCUyMCUyMCUyMCUyMCUzQ3RkJTNFJTNDYSUyMGhyZWYlM0QlMjJodHRwcyUzQSUyRiUyRnd3dy5wb2xlcG9zaXRpb25zcG9ydC5jb20lMjIlMjB0YXJnZXQlM0QlMjJfYmxhbmslMjIlM0UlM0NpbWclMjBzcmMlM0QlMjJodHRwcyUzQSUyRiUyRnd3dy5kcnNub3cuYXQlMkZ3cC1jb250ZW50JTJGdXBsb2FkcyUyRjIwMTYlMkYwNCUyRnBvbGVwb3NpdGlvbi5wbmclMjIlMjAlMkYlM0UlM0MlMkZhJTNFJTNDJTJGdGQlM0UlMEElMjAlMjAlMjAlMjAlMjAlMjAlM0N0ZCUzRSUzQ2ElMjBocmVmJTNEJTIyaHR0cHMlM0ElMkYlMkZ3d3cuaGVzdHJhZ2xvdmVzLmNvbSUyMiUyMHRhcmdldCUzRCUyMmJsYW5rJTIyJTNFJTNDaW1nJTIwc3JjJTNEJTIyaHR0cHMlM0ElMkYlMkZ3d3cuZHJzbm93LmF0JTJGd3AtY29udGVudCUyRnVwbG9hZHMlMkYyMDE2JTJGMDQlMkZoZXN0cmEucG5nJTIyJTIwJTJGJTNFJTNDJTJGYSUzRSUzQyUyRnRkJTNFJTBBJTIwJTIwJTIwJTIwJTIwJTIwJTNDdGQlM0UlM0NhJTIwaHJlZiUzRCUyMmh0dHBzJTNBJTJGJTJGd3d3LmRyemlwZS5jb20lMjIlMjB0YXJnZXQlM0QlMjJibGFuayUyMiUzRSUzQ2ltZyUyMHNyYyUzRCUyMmh0dHBzJTNBJTJGJTJGd3d3LmRyc25vdy5hdCUyRndwLWNvbnRlbnQlMkZ1cGxvYWRzJTJGMjAxNiUyRjA0JTJGZHJ6aXBlLnBuZyUyMiUyMCUyRiUzRSUzQyUyRmElM0UlM0MlMkZ0ZCUzRSUwQSUyMCUyMCUyMCUyMCUzQyUyRnRyJTNFJTBBJTIwJTIwJTNDJTJGdGJvZHklM0UlMEElM0MlMkZ0YWJsZSUzRSUwQSUzQyUyRmRpdiUzRQ==[\/vc_raw_html][vc_column_text el_class=&#8221;white&#8221;]<strong>Bengt Lundberg |\u00a0Berg- &amp; Skif\u00fchrer<\/strong><br \/>\nSaalhofstra\u00dfe 3<br \/>\nA-5751\u00a0MAISHOFEN<br \/>\nAUSTRIA<br \/>\nTel.: <a href=\"Tel:\/\/+436642810254\">+43 664 2810254<\/a><br \/>\nMail: <a href=\"mailto:info@drsnow.at\">info@drsnow.at<\/a><br \/>\nWeb: <a href=\"http:\/\/www.drsnow.at\">www.drsnow.at<\/a>[\/vc_column_text][\/vc_column_inner][\/vc_row_inner][\/vc_column][\/vc_row]<\/p>\n","protected":false},"excerpt":{"rendered":"<p>[vc_row full_width=&#8221;stretch_row_content_no_spaces&#8221; full_height=&#8221;yes&#8221; content_placement=&#8221;middle&#8221; parallax=&#8221;content-moving&#8221; height=&#8221;900px&#8221; css=&#8221;.vc_custom_1459280604185{margin-bottom: 50px !important;background-image: url(http:\/\/www.drsnow.at\/wp-content\/uploads\/2016\/03\/saalbach-9005.jpg?id=769) !important;background-position: center;background-repeat: no-repeat;background-size:cover !important;}&#8221;][vc_column][vc_row_inner][vc_column_inner][vc_column_text css_animation=&#8221;appear&#8221;] freeride camps [\/vc_column_text][\/vc_column_inner][\/vc_row_inner][\/vc_column][\/vc_row][vc_row][vc_column][vc_row_inner][vc_column_inner width=&#8221;1\/3&#8243;][vc_column_text] Wir sind Staatlich gepr\u00fcfte Berg- &amp; Skif\u00fchrer und geben unser Wissen an euch weiter [\/vc_column_text][\/vc_column_inner][vc_column_inner width=&#8221;1\/3&#8243;][vc_column_text] Ihr seid Ambitionierte Skifahrer mit einem starken Drang nach Wissen, K\u00f6nnen &amp; Powder-Action [\/vc_column_text][\/vc_column_inner][vc_column_inner width=&#8221;1\/3&#8243;][vc_column_text] Wir erleben 3 Tage Freeride [&hellip;]<\/p>\n","protected":false},"author":3,"featured_media":0,"parent":0,"menu_order":0,"comment_status":"closed","ping_status":"closed","template":"","meta":[],"_links":{"self":[{"href":"https:\/\/www.drsnow.at\/en\/wp-json\/wp\/v2\/pages\/540"}],"collection":[{"href":"https:\/\/www.drsnow.at\/en\/wp-json\/wp\/v2\/pages"}],"about":[{"href":"https:\/\/www.drsnow.at\/en\/wp-json\/wp\/v2\/types\/page"}],"author":[{"embeddable":true,"href":"https:\/\/www.drsnow.at\/en\/wp-json\/wp\/v2\/users\/3"}],"replies":[{"embeddable":true,"href":"https:\/\/www.drsnow.at\/en\/wp-json\/wp\/v2\/comments?post=540"}],"version-history":[{"count":113,"href":"https:\/\/www.drsnow.at\/en\/wp-json\/wp\/v2\/pages\/540\/revisions"}],"predecessor-version":[{"id":24776,"href":"https:\/\/www.drsnow.at\/en\/wp-json\/wp\/v2\/pages\/540\/revisions\/24776"}],"wp:attachment":[{"href":"https:\/\/www.drsnow.at\/en\/wp-json\/wp\/v2\/media?parent=540"}],"curies":[{"name":"wp","href":"https:\/\/api.w.org\/{rel}","templated":true}]}}